{"id":509,"date":"2025-02-13T15:28:59","date_gmt":"2025-02-13T15:28:59","guid":{"rendered":"https:\/\/seven.adm.br\/?page_id=509"},"modified":"2025-02-14T01:32:35","modified_gmt":"2025-02-14T01:32:35","slug":"sindico-profissional","status":"publish","type":"page","link":"https:\/\/seven.adm.br\/?page_id=509","title":{"rendered":"Gest\u00e3o Condominial"},"content":{"rendered":"\t\t<div data-elementor-type=\"wp-page\" data-elementor-id=\"509\" class=\"elementor elementor-509\" data-elementor-post-type=\"page\">\n\t\t\t\t<div class=\"elementor-element elementor-element-79a2d67 e-flex e-con-boxed e-con e-parent\" data-id=\"79a2d67\" data-element_type=\"container\" data-settings=\"{&quot;background_background&quot;:&quot;classic&quot;}\">\n\t\t\t\t\t<div class=\"e-con-inner\">\n\t\t\t\t<div class=\"elementor-element elementor-element-466e8f7 elementor-widget elementor-widget-heading\" data-id=\"466e8f7\" data-element_type=\"widget\" data-widget_type=\"heading.default\">\n\t\t\t\t<div class=\"elementor-widget-container\">\n\t\t\t<style>\/*! elementor - v3.23.0 - 05-08-2024 *\/\n.elementor-heading-title{padding:0;margin:0;line-height:1}.elementor-widget-heading .elementor-heading-title[class*=elementor-size-]>a{color:inherit;font-size:inherit;line-height:inherit}.elementor-widget-heading .elementor-heading-title.elementor-size-small{font-size:15px}.elementor-widget-heading .elementor-heading-title.elementor-size-medium{font-size:19px}.elementor-widget-heading .elementor-heading-title.elementor-size-large{font-size:29px}.elementor-widget-heading .elementor-heading-title.elementor-size-xl{font-size:39px}.elementor-widget-heading .elementor-heading-title.elementor-size-xxl{font-size:59px}<\/style><h2 class=\"elementor-heading-title elementor-size-default\">Pacote de Gest\u00e3o Condominial <\/h2>\t\t<\/div>\n\t\t\t\t<\/div>\n\t\t\t\t\t<\/div>\n\t\t\t\t<\/div>\n\t\t<div class=\"elementor-element elementor-element-c69f980 e-flex e-con-boxed e-con e-parent\" data-id=\"c69f980\" data-element_type=\"container\" data-settings=\"{&quot;background_background&quot;:&quot;classic&quot;}\">\n\t\t\t\t\t<div class=\"e-con-inner\">\n\t\t\t\t<div class=\"elementor-element elementor-element-e22f2b6 elementor-widget elementor-widget-text-editor\" data-id=\"e22f2b6\" data-element_type=\"widget\" data-widget_type=\"text-editor.default\">\n\t\t\t\t<div class=\"elementor-widget-container\">\n\t\t\t<style>\/*! elementor - v3.23.0 - 05-08-2024 *\/\n.elementor-widget-text-editor.elementor-drop-cap-view-stacked .elementor-drop-cap{background-color:#69727d;color:#fff}.elementor-widget-text-editor.elementor-drop-cap-view-framed .elementor-drop-cap{color:#69727d;border:3px solid;background-color:transparent}.elementor-widget-text-editor:not(.elementor-drop-cap-view-default) .elementor-drop-cap{margin-top:8px}.elementor-widget-text-editor:not(.elementor-drop-cap-view-default) .elementor-drop-cap-letter{width:1em;height:1em}.elementor-widget-text-editor .elementor-drop-cap{float:left;text-align:center;line-height:1;font-size:50px}.elementor-widget-text-editor .elementor-drop-cap-letter{display:inline-block}<\/style>\t\t\t\t<p data-start=\"0\" data-end=\"270\">Um <strong data-start=\"3\" data-end=\"27\">s\u00edndico profissional<\/strong> \u00e9 um gestor contratado para administrar um condom\u00ednio, assumindo as responsabilidades que normalmente caberiam a um s\u00edndico morador. Seu papel \u00e9 garantir o bom funcionamento do condom\u00ednio, seguindo as normas internas e a legisla\u00e7\u00e3o vigente.<\/p>\n<h3 data-start=\"272\" data-end=\"327\"><strong data-start=\"276\" data-end=\"325\">Principais fun\u00e7\u00f5es de um s\u00edndico profissional<\/strong><\/h3>\n<p data-start=\"329\" data-end=\"358\">\u2705 <strong data-start=\"331\" data-end=\"356\">Gest\u00e3o administrativa<\/strong><\/p>\n<ul data-start=\"359\" data-end=\"497\">\n<li data-start=\"359\" data-end=\"419\">Cumprir a conven\u00e7\u00e3o do condom\u00ednio e o regimento interno.<\/li>\n<li data-start=\"420\" data-end=\"456\">Convocar e conduzir assembleias.<\/li>\n<li data-start=\"457\" data-end=\"497\">Representar o condom\u00ednio legalmente.<\/li>\n<\/ul>\n<p data-start=\"499\" data-end=\"524\">\u2705 <strong data-start=\"501\" data-end=\"522\">Gest\u00e3o financeira<\/strong><\/p>\n<ul data-start=\"525\" data-end=\"661\">\n<li data-start=\"525\" data-end=\"562\">Elaborar e gerenciar o or\u00e7amento.<\/li>\n<li data-start=\"563\" data-end=\"597\">Controlar despesas e receitas.<\/li>\n<li data-start=\"598\" data-end=\"661\">Fiscalizar a inadimpl\u00eancia e tomar medidas para a cobran\u00e7a.<\/li>\n<\/ul>\n<p data-start=\"663\" data-end=\"705\">\u2705 <strong data-start=\"665\" data-end=\"703\">Gest\u00e3o operacional e de manuten\u00e7\u00e3o<\/strong><\/p>\n<ul data-start=\"706\" data-end=\"848\">\n<li data-start=\"706\" data-end=\"753\">Supervisionar funcion\u00e1rios e terceirizados.<\/li>\n<li data-start=\"754\" data-end=\"803\">Garantir a manuten\u00e7\u00e3o preventiva e corretiva.<\/li>\n<li data-start=\"804\" data-end=\"848\">Implementar melhorias na infraestrutura.<\/li>\n<\/ul>\n<p data-start=\"850\" data-end=\"888\">\u2705 <strong data-start=\"852\" data-end=\"886\">Gest\u00e3o jur\u00eddica e conformidade<\/strong><\/p>\n<ul data-start=\"889\" data-end=\"1024\">\n<li data-start=\"889\" data-end=\"934\">Zelar pelo cumprimento das leis e normas.<\/li>\n<li data-start=\"935\" data-end=\"972\">Mediar conflitos entre moradores.<\/li>\n<li data-start=\"973\" data-end=\"1024\">Representar o condom\u00ednio em quest\u00f5es jur\u00eddicas.<\/li>\n<\/ul>\n<h3 data-start=\"1026\" data-end=\"1072\">&nbsp;<\/h3>\n<h1 data-start=\"1026\" data-end=\"1072\"><strong data-start=\"1030\" data-end=\"1070\">Vantagens de uma boa gest\u00e3o<\/strong><\/h1>\n<ul data-start=\"1073\" data-end=\"1236\">\n<li data-start=\"1073\" data-end=\"1108\">Maior imparcialidade na gest\u00e3o.<\/li>\n<li data-start=\"1109\" data-end=\"1148\">Conhecimento t\u00e9cnico e experi\u00eancia.<\/li>\n<li data-start=\"1149\" data-end=\"1190\">Redu\u00e7\u00e3o de conflitos entre moradores.<\/li>\n<li data-start=\"1191\" data-end=\"1236\">Melhor controle financeiro e operacional.<\/li>\n<\/ul>\n<p data-start=\"1238\" data-end=\"1456\" data-is-last-node=\"\">Muitos condom\u00ednios contratam Gest\u00e3o Condominial para evitar sobrecarregar moradores com a administra\u00e7\u00e3o e garantir uma gest\u00e3o mais eficiente.&nbsp;<\/p>\t\t\t\t\t\t<\/div>\n\t\t\t\t<\/div>\n\t\t\t\t\t<\/div>\n\t\t\t\t<\/div>\n\t\t\t\t<\/div>\n\t\t","protected":false},"excerpt":{"rendered":"<p>Pacote de Gest\u00e3o Condominial Um s\u00edndico profissional \u00e9 um gestor contratado para administrar um condom\u00ednio, assumindo as responsabilidades que normalmente caberiam a um s\u00edndico morador. Seu papel \u00e9 garantir o bom funcionamento do condom\u00ednio, seguindo as normas internas e a legisla\u00e7\u00e3o vigente. Principais fun\u00e7\u00f5es de um s\u00edndico profissional \u2705 Gest\u00e3o administrativa Cumprir a conven\u00e7\u00e3o do [&hellip;]<\/p>\n","protected":false},"author":1,"featured_media":0,"parent":0,"menu_order":0,"comment_status":"closed","ping_status":"closed","template":"","meta":{"footnotes":""},"class_list":["post-509","page","type-page","status-publish","hentry"],"_links":{"self":[{"href":"https:\/\/seven.adm.br\/index.php?rest_route=\/wp\/v2\/pages\/509","targetHints":{"allow":["GET"]}}],"collection":[{"href":"https:\/\/seven.adm.br\/index.php?rest_route=\/wp\/v2\/pages"}],"about":[{"href":"https:\/\/seven.adm.br\/index.php?rest_route=\/wp\/v2\/types\/page"}],"author":[{"embeddable":true,"href":"https:\/\/seven.adm.br\/index.php?rest_route=\/wp\/v2\/users\/1"}],"replies":[{"embeddable":true,"href":"https:\/\/seven.adm.br\/index.php?rest_route=%2Fwp%2Fv2%2Fcomments&post=509"}],"version-history":[{"count":17,"href":"https:\/\/seven.adm.br\/index.php?rest_route=\/wp\/v2\/pages\/509\/revisions"}],"predecessor-version":[{"id":558,"href":"https:\/\/seven.adm.br\/index.php?rest_route=\/wp\/v2\/pages\/509\/revisions\/558"}],"wp:attachment":[{"href":"https:\/\/seven.adm.br\/index.php?rest_route=%2Fwp%2Fv2%2Fmedia&parent=509"}],"curies":[{"name":"wp","href":"https:\/\/api.w.org\/{rel}","templated":true}]}}